{"id":119146,"date":"2022-08-31T06:40:35","date_gmt":"2022-08-31T06:40:35","guid":{"rendered":"https:\/\/calaixdecultura.cat\/politica-de-privacitat\/"},"modified":"2025-07-31T14:08:02","modified_gmt":"2025-07-31T14:08:02","slug":"politica-de-privacitat","status":"publish","type":"page","link":"https:\/\/calaixdecultura.cat\/es\/politica-de-privacitat\/","title":{"rendered":"Pol\u00edtica de privacidad"},"content":{"rendered":"<div class=\"wpb-content-wrapper\"><p>[vc_row row_height_percent=&#8221;0&#8243; override_padding=&#8221;yes&#8221; h_padding=&#8221;2&#8243; top_padding=&#8221;7&#8243; bottom_padding=&#8221;3&#8243; overlay_alpha=&#8221;50&#8243; gutter_size=&#8221;3&#8243; column_width_percent=&#8221;100&#8243; shift_y=&#8221;0&#8243; z_index=&#8221;0&#8243; uncode_shortcode_id=&#8221;208518&#8243; shape_dividers=&#8221;&#8221;][vc_column width=&#8221;1\/1&#8243;][vc_column_text uncode_shortcode_id=&#8221;105746&#8243;]<\/p>\n<h1 data-start=\"247\" data-end=\"689\">POL\u00cdTICA DE PRIVACIDAD<\/h1>\n<p data-start=\"247\" data-end=\"689\">El objetivo de esta pol\u00edtica es informar a las personas interesadas sobre los distintos tratamientos realizados por esta organizaci\u00f3n a trav\u00e9s de la p\u00e1gina web y que afectan a sus datos personales, de conformidad con lo establecido en el Reglamento (UE) 2016\/679 del Parlamento Europeo y del Consejo de 27 de abril de 2016 y en la Ley Org\u00e1nica 3\/2018, de 5 de diciembre, de Protecci\u00f3n de Datos Personales y garant\u00eda de los derechos digitales.<\/p>\n<h1 data-start=\"696\" data-end=\"752\">1. IDENTIFICACI\u00d3N Y DATOS DE CONTACTO DEL RESPONSABLE<\/h1>\n<p data-start=\"754\" data-end=\"948\"><strong data-start=\"754\" data-end=\"775\">CALAIX DE CULTURA<\/strong>, con domicilio en Rambla Catalunya 5, Pral. 3A (08007) Barcelona, con NIF B63033740, tel\u00e9fono de contacto 934 516 345 y correo electr\u00f3nico <a class=\"cursor-pointer\" rel=\"noopener\" data-start=\"915\" data-end=\"948\">calaixdecultura@calaixcultura.cat<\/a><\/p>\n<p data-start=\"950\" data-end=\"1037\">Se informa que la organizaci\u00f3n act\u00faa como corresponsable a efectos del RGPD, junto con:<\/p>\n<ul data-start=\"1039\" data-end=\"1247\">\n<li data-start=\"1039\" data-end=\"1133\">\n<p data-start=\"1041\" data-end=\"1133\"><strong data-start=\"1041\" data-end=\"1061\">L\u00daDIC 3 SCCL S.L<\/strong>, con NIF F60475902 y correo electr\u00f3nico de contacto <a class=\"cursor-pointer\" rel=\"noopener\" data-start=\"1114\" data-end=\"1131\">ludic3@ludic3.cat<\/a><\/p>\n<\/li>\n<li data-start=\"1134\" data-end=\"1247\">\n<p data-start=\"1136\" data-end=\"1247\"><strong data-start=\"1136\" data-end=\"1159\">RELLEU CULTURAL S.L<\/strong>, con NIF B66987769 y correo electr\u00f3nico de contacto <a class=\"cursor-pointer\" rel=\"noopener\" data-start=\"1212\" data-end=\"1245\">relleucultural@relleucultural.cat<\/a><\/p>\n<\/li>\n<\/ul>\n<p data-start=\"1249\" data-end=\"1401\"><strong data-start=\"1249\" data-end=\"1285\">DELEGADO DE PROTECCI\u00d3N DE DATOS:<\/strong><br data-start=\"1285\" data-end=\"1288\" \/>SEGURIDAD Y PRIVACIDAD DE DATOS, SL, con tel\u00e9fono de contacto 963 122 868 y correo electr\u00f3nico <a class=\"cursor-pointer\" rel=\"noopener\" data-start=\"1383\" data-end=\"1401\">infodpo@forlopd.es<\/a><\/p>\n<h1 data-start=\"1408\" data-end=\"1465\"><\/h1>\n<h1 data-start=\"1408\" data-end=\"1465\">2. FINALIDADES DEL TRATAMIENTO DE SUS DATOS PERSONALES<\/h1>\n<p data-start=\"1467\" data-end=\"1532\"><strong data-start=\"1467\" data-end=\"1532\">PERSONAS USUARIAS\/NAVEGANTES DE LA P\u00c1GINA WEB DEL RESPONSABLE<\/strong><\/p>\n<p data-start=\"1534\" data-end=\"1583\">Trataremos los datos personales facilitados para:<\/p>\n<ul data-start=\"1585\" data-end=\"2376\">\n<li data-start=\"1585\" data-end=\"1707\">\n<p data-start=\"1587\" data-end=\"1707\">Atender solicitudes, quejas e incidencias trasladadas a trav\u00e9s de nuestros canales de contacto incorporados en la web.<\/p>\n<\/li>\n<li data-start=\"1708\" data-end=\"1824\">\n<p data-start=\"1710\" data-end=\"1824\">Comprender el comportamiento de navegaci\u00f3n de las personas usuarias para detectar posibles ataques inform\u00e1ticos.<\/p>\n<\/li>\n<li data-start=\"1825\" data-end=\"1877\">\n<p data-start=\"1827\" data-end=\"1877\">Cumplir con las obligaciones legales aplicables.<\/p>\n<\/li>\n<li data-start=\"1878\" data-end=\"1967\">\n<p data-start=\"1880\" data-end=\"1967\">Proteger y ejercer nuestros derechos o responder a reclamaciones de cualquier \u00edndole.<\/p>\n<\/li>\n<li data-start=\"1968\" data-end=\"2153\">\n<p data-start=\"1970\" data-end=\"2153\">Si corresponde, enviar comunicaciones comerciales sobre nuestros bienes o servicios, noticias o boletines del sector. Su negativa a autorizarnos impedir\u00e1 enviarle dicha informaci\u00f3n.<\/p>\n<\/li>\n<li data-start=\"2154\" data-end=\"2261\">\n<p data-start=\"2156\" data-end=\"2261\">Si corresponde, gestionar su participaci\u00f3n en concursos y promociones. Su negativa impedir\u00e1 participar.<\/p>\n<\/li>\n<li data-start=\"2262\" data-end=\"2376\">\n<p data-start=\"2264\" data-end=\"2376\">Si corresponde, enviar encuestas de satisfacci\u00f3n y\/o calidad. Su negativa impedir\u00e1 evaluar el servicio prestado.<\/p>\n<\/li>\n<\/ul>\n<p data-start=\"2378\" data-end=\"2445\"><strong data-start=\"2378\" data-end=\"2445\">PERSONAS CANDIDATAS A OFERTAS DE EMPLEO O POSTULANTES A PUESTOS<\/strong><\/p>\n<p data-start=\"2447\" data-end=\"2602\">Adem\u00e1s de las finalidades anteriores, trataremos sus datos personales para gestionar su candidatura en el proceso de selecci\u00f3n e informarle sobre el mismo.<\/p>\n<h1 data-start=\"2609\" data-end=\"2644\"><\/h1>\n<h1 data-start=\"2609\" data-end=\"2644\">3. BASE JUR\u00cdDICA DEL TRATAMIENTO<\/h1>\n<p data-start=\"2646\" data-end=\"2688\"><strong data-start=\"2646\" data-end=\"2688\">PERSONAS USUARIAS\/NAVEGANTES DE LA WEB<\/strong><\/p>\n<ul data-start=\"2690\" data-end=\"3152\">\n<li data-start=\"2690\" data-end=\"2831\">\n<p data-start=\"2692\" data-end=\"2831\">En el consentimiento otorgado para tratar sus datos con las finalidades indicadas. La negativa a facilitarlos impedir\u00e1 dicho tratamiento.<\/p>\n<\/li>\n<li data-start=\"2832\" data-end=\"2959\">\n<p data-start=\"2834\" data-end=\"2959\">Para cumplir con las obligaciones legales aplicables. En este caso, la persona interesada no podr\u00e1 oponerse al tratamiento.<\/p>\n<\/li>\n<li data-start=\"2960\" data-end=\"3152\">\n<p data-start=\"2962\" data-end=\"3152\">En nuestro inter\u00e9s leg\u00edtimo de proteger la imagen, negocio y trayectoria ante ataques inform\u00e1ticos. Tampoco podr\u00e1 oponerse, aunque podr\u00e1 ejercer sus derechos conforme al apartado \u201cDerechos\u201d.<\/p>\n<\/li>\n<\/ul>\n<p data-start=\"3154\" data-end=\"3186\"><strong data-start=\"3154\" data-end=\"3186\">PERSONAS CANDIDATAS A EMPLEO<\/strong><\/p>\n<ul data-start=\"3188\" data-end=\"3704\">\n<li data-start=\"3188\" data-end=\"3329\">\n<p data-start=\"3190\" data-end=\"3329\">En el consentimiento otorgado para tratar sus datos con las finalidades indicadas. La negativa a facilitarlos impedir\u00e1 dicho tratamiento.<\/p>\n<\/li>\n<li data-start=\"3330\" data-end=\"3457\">\n<p data-start=\"3332\" data-end=\"3457\">Para cumplir con las obligaciones legales aplicables. En este caso, la persona interesada no podr\u00e1 oponerse al tratamiento.<\/p>\n<\/li>\n<li data-start=\"3458\" data-end=\"3704\">\n<p data-start=\"3460\" data-end=\"3704\">En nuestro inter\u00e9s leg\u00edtimo de proteger la imagen, negocio y trayectoria ante ataques inform\u00e1ticos. Tampoco podr\u00e1 oponerse, aunque podr\u00e1 ejercer sus derechos conforme al apartado \u201cDerechos\u201d y salvaguardar sus derechos e intereses fundamentales.<\/p>\n<\/li>\n<\/ul>\n<h1 data-start=\"3711\" data-end=\"3764\"><\/h1>\n<h1 data-start=\"3711\" data-end=\"3764\">4. PLAZOS O CRITERIOS DE CONSERVACI\u00d3N DE LOS DATOS<\/h1>\n<p data-start=\"3766\" data-end=\"3857\">Los datos personales se conservar\u00e1n mientras sean necesarios para cumplir con su finalidad.<\/p>\n<p data-start=\"3859\" data-end=\"4079\">Una vez dejen de ser necesarios, se mantendr\u00e1n bloqueados para ponerlos a disposici\u00f3n de autoridades competentes, jueces, tribunales o el Ministerio Fiscal durante los plazos legales de prescripci\u00f3n de posibles acciones.<\/p>\n<p data-start=\"4081\" data-end=\"4306\">Si ha facilitado su curr\u00edculum, conservaremos sus datos por un m\u00e1ximo de dos a\u00f1os desde su recepci\u00f3n, salvo que los actualice o nos autorice a conservarlos por m\u00e1s tiempo. Puede revocar su consentimiento en cualquier momento.<\/p>\n<h1 data-start=\"4313\" data-end=\"4355\"><\/h1>\n<h1 data-start=\"4313\" data-end=\"4355\">5. DECISIONES AUTOMATIZADAS Y PERFILADO<\/h1>\n<p data-start=\"4357\" data-end=\"4431\">La p\u00e1gina web <strong data-start=\"4371\" data-end=\"4430\">no realiza decisiones automatizadas ni elabora perfiles<\/strong>.<\/p>\n<h1 data-start=\"4438\" data-end=\"4457\"><\/h1>\n<h1 data-start=\"4438\" data-end=\"4457\">6. DESTINATARIOS<\/h1>\n<p data-start=\"4459\" data-end=\"4540\">Durante el tratamiento de sus datos personales, la organizaci\u00f3n podr\u00e1 cederlos a:<\/p>\n<ul data-start=\"4542\" data-end=\"4700\">\n<li data-start=\"4542\" data-end=\"4566\">\n<p data-start=\"4544\" data-end=\"4566\">Jueces y Tribunales.<\/p>\n<\/li>\n<li data-start=\"4567\" data-end=\"4613\">\n<p data-start=\"4569\" data-end=\"4613\">Fuerzas y Cuerpos de Seguridad del Estado.<\/p>\n<\/li>\n<li data-start=\"4614\" data-end=\"4700\">\n<p data-start=\"4616\" data-end=\"4700\">Otras autoridades u organismos p\u00fablicos competentes, cuando exista obligaci\u00f3n legal.<\/p>\n<\/li>\n<\/ul>\n<h1 data-start=\"4707\" data-end=\"4752\"><\/h1>\n<h1 data-start=\"4707\" data-end=\"4752\">7. TRANSFERENCIAS INTERNACIONALES DE DATOS<\/h1>\n<p data-start=\"4754\" data-end=\"4971\">La organizaci\u00f3n <strong data-start=\"4770\" data-end=\"4824\">no realiza transferencias internacionales de datos<\/strong>. Si en el futuro fuese necesario, se comprobar\u00e1 el nivel de protecci\u00f3n del pa\u00eds de destino y se adoptar\u00e1n las garant\u00edas exigidas por la normativa.<\/p>\n<h1 data-start=\"4978\" data-end=\"4998\"><\/h1>\n<h1 data-start=\"4978\" data-end=\"4998\">8. REDES SOCIALES<\/h1>\n<p data-start=\"5000\" data-end=\"5130\">Con el fin de hacerle part\u00edcipe de nuestra actividad y mantenerle informado\/a, CALAIX DE CULTURA tiene perfiles en redes sociales.<\/p>\n<p data-start=\"5132\" data-end=\"5457\">Todas las <strong data-start=\"5142\" data-end=\"5163\">personas usuarias<\/strong> pueden unirse a nuestras redes o grupos. No obstante, salvo que le solicitemos directamente sus datos personales, estos pertenecer\u00e1n a la red social correspondiente. Le recomendamos revisar sus condiciones de uso y pol\u00edticas de privacidad y configurar sus preferencias de tratamiento de datos.<\/p>\n<p data-start=\"5459\" data-end=\"5605\"><strong data-start=\"5459\" data-end=\"5510\">Enlace a la pol\u00edtica de privacidad de LinkedIn:<\/strong><br data-start=\"5510\" data-end=\"5513\" \/><a class=\"\" href=\"https:\/\/es.linkedin.com\/legal\/privacy-policy\" target=\"_new\" rel=\"noopener\" data-start=\"5513\" data-end=\"5605\">https:\/\/es.linkedin.com\/legal\/privacy-policy<\/a><\/p>\n<h1 data-start=\"5612\" data-end=\"5626\"><\/h1>\n<h1 data-start=\"5612\" data-end=\"5626\">9. DERECHOS<\/h1>\n<p data-start=\"5628\" data-end=\"5989\">Las <strong data-start=\"5632\" data-end=\"5656\">personas interesadas<\/strong> podr\u00e1n solicitar informaci\u00f3n sobre el tratamiento de sus datos personales y ejercer gratuitamente sus derechos de acceso, rectificaci\u00f3n, supresi\u00f3n, limitaci\u00f3n del tratamiento, oposici\u00f3n, portabilidad (cuando sea posible), retirada del consentimiento y a no ser objeto de decisiones automatizadas, incluyendo elaboraci\u00f3n de perfiles.<\/p>\n<p data-start=\"5991\" data-end=\"6243\">Puede usar los formularios habilitados o escribir a la direcci\u00f3n postal o correo electr\u00f3nico mencionados anteriormente. Se podr\u00e1 solicitar copia del DNI u otro documento para verificar su identidad, si no se puede comprobar por medios menos intrusivos.<\/p>\n<p data-start=\"6245\" data-end=\"6402\">Si considera vulnerados sus derechos, puede presentar una reclamaci\u00f3n ante la <strong data-start=\"6323\" data-end=\"6366\">Agencia Espa\u00f1ola de Protecci\u00f3n de Datos<\/strong>: <a class=\"\" href=\"https:\/\/www.aepd.es\" target=\"_new\" rel=\"noopener\" data-start=\"6368\" data-end=\"6402\">www.aepd.es<\/a><\/p>\n<p data-start=\"6404\" data-end=\"6605\">En cumplimiento del art\u00edculo 21 de la Ley 34\/2002 (LSSI-CE), si no desea seguir recibiendo comunicaciones, puede darse de baja escribiendo a <strong data-start=\"6545\" data-end=\"6582\"><a class=\"cursor-pointer\" rel=\"noopener\" data-start=\"6547\" data-end=\"6580\">calaixdecultura@calaixcultura.cat<\/a><\/strong> con el asunto &#8220;BAJAS&#8221;.<\/p>\n<h1 data-start=\"6612\" data-end=\"6641\"><\/h1>\n<h1 data-start=\"6612\" data-end=\"6641\">10. VERACIDAD DE LOS DATOS<\/h1>\n<p data-start=\"6643\" data-end=\"6843\">La <strong data-start=\"6646\" data-end=\"6668\">persona interesada<\/strong> garantiza que los datos proporcionados son veraces, exactos, completos y actualizados, comprometi\u00e9ndose a informar sobre cualquier cambio a trav\u00e9s de los canales habilitados.<\/p>\n<p data-start=\"6845\" data-end=\"7040\">En caso de proporcionar datos de terceras personas, declara contar con su consentimiento y se compromete a trasladarles esta informaci\u00f3n, eximiendo a la organizaci\u00f3n de cualquier responsabilidad.<\/p>\n<h1 data-start=\"7047\" data-end=\"7084\"><\/h1>\n<h1 data-start=\"7047\" data-end=\"7084\">11. MODIFICACIONES Y ACTUALIZACI\u00d3N<\/h1>\n<p data-start=\"7086\" data-end=\"7226\">Esta pol\u00edtica de privacidad puede ser modificada seg\u00fan exigencias legales o por cambios en la web. Se recomienda consultarla peri\u00f3dicamente.<\/p>\n<p data-start=\"7228\" data-end=\"7373\">Si tiene dudas, puede contactar con CALAIX DE CULTURA mediante los formularios habilitados o en los datos de contacto indicados en el encabezado.<\/p>\n<p data-start=\"7380\" data-end=\"7420\"><strong data-start=\"7380\" data-end=\"7420\">\u00daltima revisi\u00f3n: 24 de abril de 2025<\/strong><\/p>\n<p>[\/vc_column_text][\/vc_column][\/vc_row]<\/p>\n<\/div>","protected":false},"excerpt":{"rendered":"<p>[vc_row row_height_percent=&#8221;0&#8243; override_padding=&#8221;yes&#8221; h_padding=&#8221;2&#8243; top_padding=&#8221;7&#8243; bottom_padding=&#8221;3&#8243; overlay_alpha=&#8221;50&#8243; gutter_size=&#8221;3&#8243; column_width_percent=&#8221;100&#8243; shift_y=&#8221;0&#8243; z_index=&#8221;0&#8243; uncode_shortcode_id=&#8221;208518&#8243; shape_dividers=&#8221;&#8221;][vc_column width=&#8221;1\/1&#8243;][vc_column_text uncode_shortcode_id=&#8221;105746&#8243;] POL\u00cdTICA DE PRIVACIDAD El objetivo [&hellip;]<\/p>\n","protected":false},"author":1,"featured_media":0,"parent":0,"menu_order":0,"comment_status":"closed","ping_status":"closed","template":"","meta":{"footnotes":""},"class_list":["post-119146","page","type-page","status-publish","hentry"],"yoast_head":"<!-- This site is optimized with the Yoast SEO plugin v27.5 - https:\/\/yoast.com\/product\/yoast-seo-wordpress\/ -->\n<title>Pol\u00edtica de privacidad - Calaix de Cultura<\/title>\n<meta name=\"robots\" content=\"index, follow, max-snippet:-1, max-image-preview:large, max-video-preview:-1\" \/>\n<link rel=\"canonical\" href=\"https:\/\/calaixdecultura.cat\/es\/politica-de-privacitat\/\" \/>\n<meta property=\"og:locale\" content=\"es_ES\" \/>\n<meta property=\"og:type\" content=\"article\" \/>\n<meta property=\"og:title\" content=\"Pol\u00edtica de privacidad - Calaix de Cultura\" \/>\n<meta property=\"og:description\" content=\"[vc_row row_height_percent=&#8221;0&#8243; override_padding=&#8221;yes&#8221; h_padding=&#8221;2&#8243; top_padding=&#8221;7&#8243; bottom_padding=&#8221;3&#8243; overlay_alpha=&#8221;50&#8243; gutter_size=&#8221;3&#8243; column_width_percent=&#8221;100&#8243; shift_y=&#8221;0&#8243; z_index=&#8221;0&#8243; uncode_shortcode_id=&#8221;208518&#8243; shape_dividers=&#8221;&#8221;][vc_column width=&#8221;1\/1&#8243;][vc_column_text uncode_shortcode_id=&#8221;105746&#8243;] POL\u00cdTICA DE PRIVACIDAD El objetivo [&hellip;]\" \/>\n<meta property=\"og:url\" content=\"https:\/\/calaixdecultura.cat\/es\/politica-de-privacitat\/\" \/>\n<meta property=\"og:site_name\" content=\"Calaix de Cultura\" \/>\n<meta property=\"article:modified_time\" content=\"2025-07-31T14:08:02+00:00\" \/>\n<meta name=\"twitter:card\" content=\"summary_large_image\" \/>\n<meta name=\"twitter:label1\" content=\"Tiempo de lectura\" \/>\n\t<meta name=\"twitter:data1\" content=\"6 minutos\" \/>\n<script type=\"application\/ld+json\" class=\"yoast-schema-graph\">{\"@context\":\"https:\\\/\\\/schema.org\",\"@graph\":[{\"@type\":\"WebPage\",\"@id\":\"https:\\\/\\\/calaixdecultura.cat\\\/es\\\/politica-de-privacitat\\\/\",\"url\":\"https:\\\/\\\/calaixdecultura.cat\\\/es\\\/politica-de-privacitat\\\/\",\"name\":\"Pol\u00edtica de privacidad - Calaix de Cultura\",\"isPartOf\":{\"@id\":\"https:\\\/\\\/calaixdecultura.cat\\\/#website\"},\"datePublished\":\"2022-08-31T06:40:35+00:00\",\"dateModified\":\"2025-07-31T14:08:02+00:00\",\"breadcrumb\":{\"@id\":\"https:\\\/\\\/calaixdecultura.cat\\\/es\\\/politica-de-privacitat\\\/#breadcrumb\"},\"inLanguage\":\"es\",\"potentialAction\":[{\"@type\":\"ReadAction\",\"target\":[\"https:\\\/\\\/calaixdecultura.cat\\\/es\\\/politica-de-privacitat\\\/\"]}]},{\"@type\":\"BreadcrumbList\",\"@id\":\"https:\\\/\\\/calaixdecultura.cat\\\/es\\\/politica-de-privacitat\\\/#breadcrumb\",\"itemListElement\":[{\"@type\":\"ListItem\",\"position\":1,\"name\":\"Inici\",\"item\":\"https:\\\/\\\/calaixdecultura.cat\\\/es\\\/home\\\/\"},{\"@type\":\"ListItem\",\"position\":2,\"name\":\"Pol\u00edtica de privacidad\"}]},{\"@type\":\"WebSite\",\"@id\":\"https:\\\/\\\/calaixdecultura.cat\\\/#website\",\"url\":\"https:\\\/\\\/calaixdecultura.cat\\\/\",\"name\":\"Calaix de Cultura\",\"description\":\"Gesti\u00f3 cultural\",\"publisher\":{\"@id\":\"https:\\\/\\\/calaixdecultura.cat\\\/#organization\"},\"potentialAction\":[{\"@type\":\"SearchAction\",\"target\":{\"@type\":\"EntryPoint\",\"urlTemplate\":\"https:\\\/\\\/calaixdecultura.cat\\\/?s={search_term_string}\"},\"query-input\":{\"@type\":\"PropertyValueSpecification\",\"valueRequired\":true,\"valueName\":\"search_term_string\"}}],\"inLanguage\":\"es\"},{\"@type\":\"Organization\",\"@id\":\"https:\\\/\\\/calaixdecultura.cat\\\/#organization\",\"name\":\"Calaix de Cultura\",\"url\":\"https:\\\/\\\/calaixdecultura.cat\\\/\",\"logo\":{\"@type\":\"ImageObject\",\"inLanguage\":\"es\",\"@id\":\"https:\\\/\\\/calaixdecultura.cat\\\/#\\\/schema\\\/logo\\\/image\\\/\",\"url\":\"https:\\\/\\\/calaixdecultura.cat\\\/wp-content\\\/uploads\\\/2023\\\/10\\\/LOGO-CALAIXv5-02.png\",\"contentUrl\":\"https:\\\/\\\/calaixdecultura.cat\\\/wp-content\\\/uploads\\\/2023\\\/10\\\/LOGO-CALAIXv5-02.png\",\"width\":1080,\"height\":1080,\"caption\":\"Calaix de Cultura\"},\"image\":{\"@id\":\"https:\\\/\\\/calaixdecultura.cat\\\/#\\\/schema\\\/logo\\\/image\\\/\"},\"sameAs\":[\"https:\\\/\\\/www.linkedin.com\\\/company\\\/calaix-de-cultura-sl\"]}]}<\/script>\n<!-- \/ Yoast SEO plugin. -->","yoast_head_json":{"title":"Pol\u00edtica de privacidad - Calaix de Cultura","robots":{"index":"index","follow":"follow","max-snippet":"max-snippet:-1","max-image-preview":"max-image-preview:large","max-video-preview":"max-video-preview:-1"},"canonical":"https:\/\/calaixdecultura.cat\/es\/politica-de-privacitat\/","og_locale":"es_ES","og_type":"article","og_title":"Pol\u00edtica de privacidad - Calaix de Cultura","og_description":"[vc_row row_height_percent=&#8221;0&#8243; override_padding=&#8221;yes&#8221; h_padding=&#8221;2&#8243; top_padding=&#8221;7&#8243; bottom_padding=&#8221;3&#8243; overlay_alpha=&#8221;50&#8243; gutter_size=&#8221;3&#8243; column_width_percent=&#8221;100&#8243; shift_y=&#8221;0&#8243; z_index=&#8221;0&#8243; uncode_shortcode_id=&#8221;208518&#8243; shape_dividers=&#8221;&#8221;][vc_column width=&#8221;1\/1&#8243;][vc_column_text uncode_shortcode_id=&#8221;105746&#8243;] POL\u00cdTICA DE PRIVACIDAD El objetivo [&hellip;]","og_url":"https:\/\/calaixdecultura.cat\/es\/politica-de-privacitat\/","og_site_name":"Calaix de Cultura","article_modified_time":"2025-07-31T14:08:02+00:00","twitter_card":"summary_large_image","twitter_misc":{"Tiempo de lectura":"6 minutos"},"schema":{"@context":"https:\/\/schema.org","@graph":[{"@type":"WebPage","@id":"https:\/\/calaixdecultura.cat\/es\/politica-de-privacitat\/","url":"https:\/\/calaixdecultura.cat\/es\/politica-de-privacitat\/","name":"Pol\u00edtica de privacidad - Calaix de Cultura","isPartOf":{"@id":"https:\/\/calaixdecultura.cat\/#website"},"datePublished":"2022-08-31T06:40:35+00:00","dateModified":"2025-07-31T14:08:02+00:00","breadcrumb":{"@id":"https:\/\/calaixdecultura.cat\/es\/politica-de-privacitat\/#breadcrumb"},"inLanguage":"es","potentialAction":[{"@type":"ReadAction","target":["https:\/\/calaixdecultura.cat\/es\/politica-de-privacitat\/"]}]},{"@type":"BreadcrumbList","@id":"https:\/\/calaixdecultura.cat\/es\/politica-de-privacitat\/#breadcrumb","itemListElement":[{"@type":"ListItem","position":1,"name":"Inici","item":"https:\/\/calaixdecultura.cat\/es\/home\/"},{"@type":"ListItem","position":2,"name":"Pol\u00edtica de privacidad"}]},{"@type":"WebSite","@id":"https:\/\/calaixdecultura.cat\/#website","url":"https:\/\/calaixdecultura.cat\/","name":"Calaix de Cultura","description":"Gesti\u00f3 cultural","publisher":{"@id":"https:\/\/calaixdecultura.cat\/#organization"},"potentialAction":[{"@type":"SearchAction","target":{"@type":"EntryPoint","urlTemplate":"https:\/\/calaixdecultura.cat\/?s={search_term_string}"},"query-input":{"@type":"PropertyValueSpecification","valueRequired":true,"valueName":"search_term_string"}}],"inLanguage":"es"},{"@type":"Organization","@id":"https:\/\/calaixdecultura.cat\/#organization","name":"Calaix de Cultura","url":"https:\/\/calaixdecultura.cat\/","logo":{"@type":"ImageObject","inLanguage":"es","@id":"https:\/\/calaixdecultura.cat\/#\/schema\/logo\/image\/","url":"https:\/\/calaixdecultura.cat\/wp-content\/uploads\/2023\/10\/LOGO-CALAIXv5-02.png","contentUrl":"https:\/\/calaixdecultura.cat\/wp-content\/uploads\/2023\/10\/LOGO-CALAIXv5-02.png","width":1080,"height":1080,"caption":"Calaix de Cultura"},"image":{"@id":"https:\/\/calaixdecultura.cat\/#\/schema\/logo\/image\/"},"sameAs":["https:\/\/www.linkedin.com\/company\/calaix-de-cultura-sl"]}]}},"_links":{"self":[{"href":"https:\/\/calaixdecultura.cat\/es\/wp-json\/wp\/v2\/pages\/119146","targetHints":{"allow":["GET"]}}],"collection":[{"href":"https:\/\/calaixdecultura.cat\/es\/wp-json\/wp\/v2\/pages"}],"about":[{"href":"https:\/\/calaixdecultura.cat\/es\/wp-json\/wp\/v2\/types\/page"}],"author":[{"embeddable":true,"href":"https:\/\/calaixdecultura.cat\/es\/wp-json\/wp\/v2\/users\/1"}],"replies":[{"embeddable":true,"href":"https:\/\/calaixdecultura.cat\/es\/wp-json\/wp\/v2\/comments?post=119146"}],"version-history":[{"count":16,"href":"https:\/\/calaixdecultura.cat\/es\/wp-json\/wp\/v2\/pages\/119146\/revisions"}],"predecessor-version":[{"id":127582,"href":"https:\/\/calaixdecultura.cat\/es\/wp-json\/wp\/v2\/pages\/119146\/revisions\/127582"}],"wp:attachment":[{"href":"https:\/\/calaixdecultura.cat\/es\/wp-json\/wp\/v2\/media?parent=119146"}],"curies":[{"name":"wp","href":"https:\/\/api.w.org\/{rel}","templated":true}]}}